{"id":2682,"date":"2021-04-07T14:17:11","date_gmt":"2021-04-07T18:17:11","guid":{"rendered":"https:\/\/piscaderabayresort.wordpress.suares.com\/home\/"},"modified":"2023-12-18T11:43:45","modified_gmt":"2023-12-18T15:43:45","slug":"uber-das-piscadera-bay-resort","status":"publish","type":"page","link":"https:\/\/piscaderabayresort.com\/de\/uber-das-piscadera-bay-resort\/","title":{"rendered":"\u00dcber das Piscadera Bay Resort"},"content":{"rendered":"<p>[et_pb_section fb_built=&#8221;1&#8243; _builder_version=&#8221;4.16&#8243; custom_margin=&#8221;0px|0px|0px|0px|false|false&#8221; custom_padding=&#8221;0px|0px|0px|0px|false|false&#8221; border_color_all=&#8221;#7CDA24&#8243; locked=&#8221;off&#8221; global_colors_info=&#8221;{}&#8221;][et_pb_row column_structure=&#8221;1_3,1_3,1_3&#8243; use_custom_gutter=&#8221;on&#8221; gutter_width=&#8221;1&#8243; make_equal=&#8221;on&#8221; module_class=&#8221;3luik&#8221; _builder_version=&#8221;4.16&#8243; background_size=&#8221;initial&#8221; background_position=&#8221;top_left&#8221; background_repeat=&#8221;repeat&#8221; width=&#8221;100%&#8221; max_width=&#8221;1560px&#8221; module_alignment=&#8221;center&#8221; custom_margin=&#8221;0px|0px|0px|0px|false|false&#8221; custom_padding=&#8221;50px|50px|0px|50px|false|false&#8221; locked=&#8221;off&#8221; global_colors_info=&#8221;{}&#8221;][et_pb_column type=&#8221;1_3&#8243; _builder_version=&#8221;4.16&#8243; background_color=&#8221;gcid-87292c96-0aea-424f-8462-f8a007020da9&#8243; custom_padding=&#8221;30px|30px|0px|30px|false|false&#8221; global_colors_info=&#8221;{%22gcid-87292c96-0aea-424f-8462-f8a007020da9%22:%91%22background_color%22%93}&#8221; custom_padding__hover=&#8221;|||&#8221;][et_pb_image src=&#8221;https:\/\/piscaderabayresort.com\/wp-content\/uploads\/sites\/51\/2021\/08\/25-42-scaled.jpg&#8221; alt=&#8221;Groen en Rust&#8221; title_text=&#8221;25 (42)&#8221; align=&#8221;center&#8221; admin_label=&#8221;Green &#038; quiet&#8221; _builder_version=&#8221;4.16&#8243; _module_preset=&#8221;default&#8221; global_colors_info=&#8221;{}&#8221;][\/et_pb_image][et_pb_text _builder_version=&#8221;4.16&#8243; _module_preset=&#8221;default&#8221; header_3_text_color=&#8221;#FFFFFF&#8221; global_colors_info=&#8221;{}&#8221;]<\/p>\n<h3 style=\"text-align: center\">Gr\u00fcn &amp; ruhig<\/h3>\n<p>[\/et_pb_text][\/et_pb_column][et_pb_column type=&#8221;1_3&#8243; _builder_version=&#8221;4.16&#8243; background_color=&#8221;gcid-9f1d5d5a-9843-4780-ab44-97843bcb54d9&#8243; custom_padding=&#8221;30px|30px|0px|30px|false|false&#8221; global_colors_info=&#8221;{%22gcid-87292c96-0aea-424f-8462-f8a007020da9%22:%91%22background_color%22,%22background_color%22%93,%22gcid-9f1d5d5a-9843-4780-ab44-97843bcb54d9%22:%91%22background_color%22%93}&#8221; custom_padding__hover=&#8221;|||&#8221;][et_pb_image src=&#8221;https:\/\/piscaderabayresort.com\/wp-content\/uploads\/sites\/51\/2021\/05\/B104-8.jpg&#8221; alt=&#8221;Gezelligheid &#038; Comfort&#8221; title_text=&#8221;B104 (8)&#8221; align=&#8221;center&#8221; admin_label=&#8221;Cosy &#038; comfortable&#8221; _builder_version=&#8221;4.16&#8243; _module_preset=&#8221;default&#8221; global_colors_info=&#8221;{}&#8221;][\/et_pb_image][et_pb_text _builder_version=&#8221;4.16&#8243; _module_preset=&#8221;default&#8221; header_3_text_color=&#8221;#FFFFFF&#8221; global_colors_info=&#8221;{}&#8221;]<\/p>\n<h3 style=\"text-align: center\">Gem\u00fctlich &amp; komfortabel<\/h3>\n<p>[\/et_pb_text][\/et_pb_column][et_pb_column type=&#8221;1_3&#8243; _builder_version=&#8221;4.16&#8243; background_color=&#8221;gcid-88f92d2f-cd0a-41a0-bece-bfe700df304a&#8221; custom_padding=&#8221;30px|30px|0px|30px|false|false&#8221; global_colors_info=&#8221;{%22gcid-87292c96-0aea-424f-8462-f8a007020da9%22:%91%22background_color%22,%22background_color%22%93,%22gcid-88f92d2f-cd0a-41a0-bece-bfe700df304a%22:%91%22background_color%22%93}&#8221; custom_padding__hover=&#8221;|||&#8221;][et_pb_image src=&#8221;https:\/\/piscaderabayresort.com\/wp-content\/uploads\/sites\/51\/2021\/09\/DJI_0079-scaled.jpg&#8221; alt=&#8221;Pirate Bay&#8221; title_text=&#8221;DJI_0079&#8243; align=&#8221;center&#8221; admin_label=&#8221;Walking distance to the beach&#8221; _builder_version=&#8221;4.16&#8243; _module_preset=&#8221;default&#8221; global_colors_info=&#8221;{}&#8221;][\/et_pb_image][et_pb_text _builder_version=&#8221;4.16&#8243; _module_preset=&#8221;default&#8221; header_3_text_color=&#8221;#FFFFFF&#8221; text_orientation=&#8221;center&#8221; global_colors_info=&#8221;{}&#8221;]<\/p>\n<h3>Nah am Strand<\/h3>\n<p>[\/et_pb_text][\/et_pb_column][\/et_pb_row][et_pb_row column_structure=&#8221;3_5,2_5&#8243; use_custom_gutter=&#8221;on&#8221; gutter_width=&#8221;1&#8243; _builder_version=&#8221;4.16&#8243; background_size=&#8221;initial&#8221; background_position=&#8221;top_left&#8221; background_repeat=&#8221;repeat&#8221; width=&#8221;100%&#8221; max_width=&#8221;1560px&#8221; module_alignment=&#8221;center&#8221; custom_margin=&#8221;0px|0px|0px|0px|false|false&#8221; custom_padding=&#8221;20px|50px|0px|50px|false|false&#8221; global_colors_info=&#8221;{}&#8221;][et_pb_column type=&#8221;3_5&#8243; _builder_version=&#8221;4.16&#8243; custom_padding=&#8221;50px|30px||30px|false|false&#8221; global_colors_info=&#8221;{}&#8221; custom_padding__hover=&#8221;|||&#8221;][et_pb_text _builder_version=&#8221;4.16&#8243; _module_preset=&#8221;default&#8221; global_colors_info=&#8221;{}&#8221;]<\/p>\n<h1>Piscadera Bay Resort<\/h1>\n<p>[\/et_pb_text][\/et_pb_column][et_pb_column type=&#8221;2_5&#8243; _builder_version=&#8221;4.16&#8243; custom_padding=&#8221;|30px||30px|false|false&#8221; global_colors_info=&#8221;{}&#8221; custom_padding__hover=&#8221;|||&#8221;][et_pb_button button_url=&#8221;@ET-DC@eyJkeW5hbWljIjp0cnVlLCJjb250ZW50IjoicG9zdF9saW5rX3VybF9wYWdlIiwic2V0dGluZ3MiOnsicG9zdF9pZCI6IjE3OTI4In19@&#8221; button_text=&#8221;Schau dir die Bungalows an&#8221; button_alignment=&#8221;center&#8221; _builder_version=&#8221;4.23.1&#8243; _dynamic_attributes=&#8221;button_url&#8221; _module_preset=&#8221;default&#8221; custom_button=&#8221;on&#8221; button_text_size=&#8221;27px&#8221; button_text_color=&#8221;#FFFFFF&#8221; button_bg_color=&#8221;gcid-f389d90d-1a76-4c75-8f0a-a3aa95e5fc3b&#8221; button_border_width=&#8221;3px&#8221; button_border_color=&#8221;gcid-6fce3721-e320-4dc3-8afe-066a93143f50&#8243; button_border_radius=&#8221;72px&#8221; custom_margin=&#8221;50px||||false|false&#8221; hover_enabled=&#8221;0&#8243; global_colors_info=&#8221;{%22gcid-f389d90d-1a76-4c75-8f0a-a3aa95e5fc3b%22:%91%22button_bg_color%22%93,%22gcid-6fce3721-e320-4dc3-8afe-066a93143f50%22:%91%22button_border_color%22%93}&#8221; sticky_enabled=&#8221;0&#8243;][\/et_pb_button][et_pb_text _builder_version=&#8221;4.16&#8243; _module_preset=&#8221;default&#8221; text_font=&#8221;Shadows Into Light Two|700|||||||&#8221; text_font_size=&#8221;27px&#8221; text_orientation=&#8221;center&#8221; custom_margin=&#8221;-7px||||false|false&#8221; animation_style=&#8221;fade&#8221; animation_delay=&#8221;1000ms&#8221; animation_speed_curve=&#8221;ease-in&#8221; custom_css_main_element=&#8221;transform: rotate(-3deg);||&#8221; text_text_shadow_style=&#8221;preset1&#8243; global_colors_info=&#8221;{}&#8221;]<\/p>\n<p>jeder von ihnen ist einzigartig!<\/p>\n<p>[\/et_pb_text][\/et_pb_column][\/et_pb_row][et_pb_row use_custom_gutter=&#8221;on&#8221; gutter_width=&#8221;1&#8243; _builder_version=&#8221;4.16&#8243; background_size=&#8221;initial&#8221; background_position=&#8221;top_left&#8221; background_repeat=&#8221;repeat&#8221; width=&#8221;100%&#8221; max_width=&#8221;1560px&#8221; module_alignment=&#8221;center&#8221; custom_margin=&#8221;0px|0px|0px|0px|false|false&#8221; custom_padding=&#8221;50px|50px|50px|50px|false|false&#8221; global_colors_info=&#8221;{}&#8221;][et_pb_column type=&#8221;4_4&#8243; _builder_version=&#8221;4.16&#8243; custom_padding=&#8221;|30px||30px|false|false&#8221; global_colors_info=&#8221;{}&#8221; custom_padding__hover=&#8221;|||&#8221;][et_pb_text _builder_version=&#8221;4.19.5&#8243; _module_preset=&#8221;default&#8221; global_colors_info=&#8221;{}&#8221;]<\/p>\n<h3>Erleben Sie das wahre Cura\u00e7ao<\/h3>\n<p>Suchen Sie das echte Cura\u00e7ao und m\u00f6chten Sie die authentischen Elemente probieren, die unsere wundersch\u00f6ne Insel so besonders machen, dann ist das Piscadera Bay Resort der Ort, an dem Sie sich wie zu Hause f\u00fchlen werden. Das Resort mit ger\u00e4umigen Tropenbungalows liegt nur wenige Gehminuten vom sch\u00f6nen &#8211; noch nicht von vielen Touristen entdeckten &#8211; Strand Pirate Bay entfernt und in der N\u00e4he von Otrobanda, dem kulturellen Herzen von Willemstad, wo Sie in versteckten Gassen und in stimmungsvolle Restaurants k\u00f6nnen \u00fcberraschend gut essen.<\/p>\n<h3>Etwas anders<\/h3>\n<p>Das Piscadera Bay Resort an der Piscadera Bay ist etwas anders. Bei uns kein Massentourismus, sondern Ruhe und Weite und ein authentisches Erlebnis. Die Bungalows im Park sind Privateigentum, was bedeutet, dass jedes Ferienhaus seinen eigenen Stil und seine eigene Atmosph\u00e4re hat, mit dem gro\u00dfen Vorteil, dass Sie w\u00e4hlen k\u00f6nnen, wo Sie \u00fcbernachten m\u00f6chten. Ein Bungalow mit privatem Pool oder nicht, Meerblick oder eher eine Ferienvilla umgeben von Palmen und tropischen Blumen. Auch in puncto Komfort gibt es verschiedene Varianten: von schlicht und einfach bis sehr luxuri\u00f6s. Piscadera Bay Resort hat f\u00fcr jede Gruppe und jedes Budget etwas zu bieten.<\/p>\n<h3><img loading=\"lazy\" decoding=\"async\" class=\"wp-image-3388 alignright \" src=\"\/wp-content\/uploads\/sites\/51\/2021\/07\/team.jpg\" alt=\"\" width=\"450\" height=\"300\" \/>Gastfreundlich und mit pers\u00f6nlicher Aufmerksamkeit<\/h3>\n<p>Gemeinsam mit unserem Team sorgen wir \u2013 Teun und Mandy Frijlink \u2013 daf\u00fcr, dass Ihr Aufenthalt im Piscadera Bay Resort reibungslos verl\u00e4uft. Wir genie\u00dfen den pers\u00f6nlichen Kontakt zu unseren G\u00e4sten und tun alles, um Ihre Cura\u00e7ao-Reise zu einer unvergesslichen Erinnerung zu machen. Sie finden immer jemanden aus unserem Team, der im Resort heruml\u00e4uft und Sie k\u00f6nnen sich nat\u00fcrlich auch mit Ihren Fragen an das B\u00fcro neben dem Pf\u00f6rtnerhaus wenden.<\/p>\n<h3>Entdecken Sie Cura\u00e7ao<\/h3>\n<p>Das Piscadera Bay Resort ist super zentral gelegen und der ideale Ausgangspunkt, um das unber\u00fchrte, pure Cura\u00e7ao zu entdecken. Die sch\u00f6nsten Str\u00e4nde und Tauchpl\u00e4tze auf der Westseite der Insel sind maximal eine halbe Autostunde vom Resort entfernt. Willemstad mit seinem Unesco-Weltkulturerbe liegt ebenso in der N\u00e4he wie das Viertel Pietermaai, das kulinarische Herz von Cura\u00e7ao. Und m\u00f6chten Sie in die Hektik der Touristenstr\u00e4nde eintauchen? Keine Sorge, du steigst ins Auto und findest dich drei\u00dfig Minuten sp\u00e4ter mitten in der Partystimmung am Jan Thiel Beach oder Mambo Boulevard wieder.<\/p>\n<p>[\/et_pb_text][\/et_pb_column][\/et_pb_row][\/et_pb_section][et_pb_section fb_built=&#8221;1&#8243; _builder_version=&#8221;4.19.4&#8243; _module_preset=&#8221;default&#8221; background_color=&#8221;gcid-6fce3721-e320-4dc3-8afe-066a93143f50&#8243; custom_margin=&#8221;0px||0px||false|false&#8221; custom_padding=&#8221;50px||0px||false|false&#8221; locked=&#8221;off&#8221; global_colors_info=&#8221;{%22gcid-6fce3721-e320-4dc3-8afe-066a93143f50%22:%91%22background_color%22%93}&#8221;][et_pb_row _builder_version=&#8221;4.19.4&#8243; _module_preset=&#8221;default&#8221; global_colors_info=&#8221;{}&#8221;][et_pb_column type=&#8221;4_4&#8243; _builder_version=&#8221;4.19.4&#8243; _module_preset=&#8221;default&#8221; global_colors_info=&#8221;{}&#8221;][et_pb_text _builder_version=&#8221;4.19.5&#8243; _module_preset=&#8221;default&#8221; text_text_color=&#8221;#FFFFFF&#8221; global_colors_info=&#8221;{}&#8221;]<\/p>\n<p style=\"text-align: center;\">Wussten Sie, dass das Piscadera Bay Resort auch in den sozialen Medien zu finden ist?<\/p>\n<p style=\"text-align: center;\">Folgen Sie uns und bleiben Sie noch besser \u00fcber unser Angebot, Preise und Last-Minute-Angebote informiert!<\/p>\n<p>[\/et_pb_text][et_pb_social_media_follow _builder_version=&#8221;4.19.4&#8243; _module_preset=&#8221;default&#8221; text_orientation=&#8221;center&#8221; custom_margin=&#8221;0px||0px||false|false&#8221; custom_padding=&#8221;0px||0px||false|false&#8221; global_colors_info=&#8221;{}&#8221;][et_pb_social_media_follow_network social_network=&#8221;facebook&#8221; url=&#8221;https:\/\/www.facebook.com\/piscaderabayresortcuracao&#8221; icon_color=&#8221;#FFFFFF&#8221; use_icon_font_size=&#8221;on&#8221; icon_font_size=&#8221;50px&#8221; _builder_version=&#8221;4.19.4&#8243; _module_preset=&#8221;default&#8221; background_enable_color=&#8221;off&#8221; global_colors_info=&#8221;{}&#8221; follow_button=&#8221;off&#8221; url_new_window=&#8221;on&#8221;]facebook[\/et_pb_social_media_follow_network][et_pb_social_media_follow_network social_network=&#8221;instagram&#8221; url=&#8221;https:\/\/www.instagram.com\/piscaderabayresort\/&#8221; icon_color=&#8221;#FFFFFF&#8221; use_icon_font_size=&#8221;on&#8221; icon_font_size=&#8221;50px&#8221; _builder_version=&#8221;4.19.4&#8243; _module_preset=&#8221;default&#8221; background_color=&#8221;#ea2c59&#8243; background_enable_color=&#8221;off&#8221; global_colors_info=&#8221;{}&#8221; follow_button=&#8221;off&#8221; url_new_window=&#8221;on&#8221;]instagram[\/et_pb_social_media_follow_network][\/et_pb_social_media_follow][\/et_pb_column][\/et_pb_row][\/et_pb_section][et_pb_section fb_built=&#8221;1&#8243; _builder_version=&#8221;4.16&#8243; _module_preset=&#8221;default&#8221; background_color=&#8221;gcid-9f1d5d5a-9843-4780-ab44-97843bcb54d9&#8243; background_enable_color=&#8221;off&#8221; background_enable_image=&#8221;off&#8221; background_blend=&#8221;overlay&#8221; background_video_mp4=&#8221;\/wp-content\/uploads\/sites\/51\/2021\/piscaderabayresort_medium.mp4&#8243; height_tablet=&#8221;&#8221; height_phone=&#8221;&#8221; height_last_edited=&#8221;on|desktop&#8221; custom_margin=&#8221;0px||0px||false|false&#8221; custom_padding=&#8221;0px||0px||false|false&#8221; locked=&#8221;off&#8221; global_colors_info=&#8221;{%22gcid-9f1d5d5a-9843-4780-ab44-97843bcb54d9%22:%91%22background_color%22%93}&#8221;][et_pb_row _builder_version=&#8221;4.16&#8243; _module_preset=&#8221;default&#8221; background_enable_image=&#8221;off&#8221; background_enable_video_mp4=&#8221;off&#8221; width=&#8221;100%&#8221; min_height=&#8221;384px&#8221; custom_padding=&#8221;0px||40px||false|false&#8221; global_colors_info=&#8221;{}&#8221;][et_pb_column type=&#8221;4_4&#8243; _builder_version=&#8221;4.16&#8243; _module_preset=&#8221;default&#8221; custom_padding=&#8221;380px||50px|50px|false|false&#8221; global_colors_info=&#8221;{}&#8221;][et_pb_text admin_label=&#8221;Eine Oase der Ruhe und Weite&#8221; module_class=&#8221;banner-tekst&#8221; _builder_version=&#8221;4.16&#8243; _module_preset=&#8221;default&#8221; header_2_text_color=&#8221;#FFFFFF&#8221; header_2_font_size=&#8221;30px&#8221; header_2_text_shadow_style=&#8221;preset2&#8243; saved_tabs=&#8221;all&#8221; global_colors_info=&#8221;{}&#8221;]<\/p>\n<h2>Eine Oase der Ruhe und Weite<\/h2>\n<p>[\/et_pb_text][\/et_pb_column][\/et_pb_row][\/et_pb_section]<\/p>\n","protected":false},"excerpt":{"rendered":"<p>Gr\u00fcn &amp; ruhigGem\u00fctlich &amp; komfortabelNah am StrandPiscadera Bay Resortjeder von ihnen ist einzigartig!Erleben Sie das wahre Cura\u00e7ao Suchen Sie das echte Cura\u00e7ao und m\u00f6chten Sie die authentischen Elemente probieren, die unsere wundersch\u00f6ne Insel so besonders machen, dann ist das Piscadera Bay Resort der Ort, an dem Sie sich wie zu Hause f\u00fchlen werden. Das Resort [&hellip;]<\/p>\n","protected":false},"author":6,"featured_media":0,"parent":0,"menu_order":100,"comment_status":"closed","ping_status":"closed","template":"","meta":{"_et_pb_use_builder":"on","_et_pb_old_content":"","_et_gb_content_width":"","_vp_format_video_url":"","_vp_image_focal_point":[],"footnotes":""},"class_list":["post-2682","page","type-page","status-publish","hentry"],"_links":{"self":[{"href":"https:\/\/piscaderabayresort.com\/de\/wp-json\/wp\/v2\/pages\/2682","targetHints":{"allow":["GET"]}}],"collection":[{"href":"https:\/\/piscaderabayresort.com\/de\/wp-json\/wp\/v2\/pages"}],"about":[{"href":"https:\/\/piscaderabayresort.com\/de\/wp-json\/wp\/v2\/types\/page"}],"author":[{"embeddable":true,"href":"https:\/\/piscaderabayresort.com\/de\/wp-json\/wp\/v2\/users\/6"}],"replies":[{"embeddable":true,"href":"https:\/\/piscaderabayresort.com\/de\/wp-json\/wp\/v2\/comments?post=2682"}],"version-history":[{"count":0,"href":"https:\/\/piscaderabayresort.com\/de\/wp-json\/wp\/v2\/pages\/2682\/revisions"}],"wp:attachment":[{"href":"https:\/\/piscaderabayresort.com\/de\/wp-json\/wp\/v2\/media?parent=2682"}],"curies":[{"name":"wp","href":"https:\/\/api.w.org\/{rel}","templated":true}]}}