{"id":19165,"date":"2023-11-22T14:29:01","date_gmt":"2023-11-22T18:29:01","guid":{"rendered":"https:\/\/piscaderabayresort.com\/?page_id=19165"},"modified":"2026-03-06T12:21:09","modified_gmt":"2026-03-06T16:21:09","slug":"angebot","status":"publish","type":"page","link":"https:\/\/piscaderabayresort.com\/de\/angebot\/","title":{"rendered":"Angebot"},"content":{"rendered":"<p>[et_pb_section fb_built=&#8221;1&#8243; _builder_version=&#8221;4.16&#8243; _module_preset=&#8221;default&#8221; custom_margin=&#8221;||0px||false|false&#8221; custom_padding=&#8221;||0px||false|false&#8221; global_colors_info=&#8221;{}&#8221;][et_pb_row _builder_version=&#8221;4.16&#8243; _module_preset=&#8221;default&#8221; global_colors_info=&#8221;{}&#8221;][et_pb_column type=&#8221;4_4&#8243; _builder_version=&#8221;4.16&#8243; _module_preset=&#8221;default&#8221; global_colors_info=&#8221;{}&#8221;][et_pb_text _builder_version=&#8221;4.23.1&#8243; _module_preset=&#8221;default&#8221; global_colors_info=&#8221;{}&#8221;]<\/p>\n<h1>Angebot<\/h1>\n<p>Im Moment haben wir folgende Angebote:<\/p>\n<p>[\/et_pb_text][\/et_pb_column][\/et_pb_row][\/et_pb_section][et_pb_section fb_built=&#8221;1&#8243; admin_label=&#8221;aanbieding&#8221; _builder_version=&#8221;4.23.1&#8243; use_background_color_gradient=&#8221;on&#8221; background_color_gradient_direction=&#8221;81deg&#8221; background_color_gradient_stops=&#8221;rgba(255,255,255,0.8) 0%|rgba(41,196,169,0) 100%&#8221; background_color_gradient_overlays_image=&#8221;on&#8221; background_color_gradient_start=&#8221;rgba(255,255,255,0.8)&#8221; background_color_gradient_end=&#8221;rgba(41,196,169,0)&#8221; custom_margin=&#8221;60px|0px|30px|0px|false|false&#8221; custom_padding=&#8221;0px|0px|0px|0px|false|false&#8221; top_divider_color=&#8221;#FFFFFF&#8221; top_divider_arrangement=&#8221;above_content&#8221; bottom_divider_style=&#8221;ramp2&#8243; bottom_divider_color=&#8221;#FFFFFF&#8221; bottom_divider_flip=&#8221;horizontal&#8221; bottom_divider_arrangement=&#8221;above_content&#8221; border_color_all=&#8221;#7CDA24&#8243; locked=&#8221;off&#8221; collapsed=&#8221;off&#8221; global_colors_info=&#8221;{}&#8221;][et_pb_row column_structure=&#8221;1_3,2_3&#8243; _builder_version=&#8221;4.23.1&#8243; background_color=&#8221;#20bc7e&#8221; background_enable_image=&#8221;off&#8221; background_repeat=&#8221;repeat&#8221; width=&#8221;100%&#8221; max_width=&#8221;1560px&#8221; module_alignment=&#8221;center&#8221; custom_margin=&#8221;0px|0px|30px|0px|false|false&#8221; custom_padding=&#8221;60px|60px|60px|60px|false|false&#8221; global_colors_info=&#8221;{}&#8221;][et_pb_column type=&#8221;1_3&#8243; _builder_version=&#8221;4.16&#8243; custom_padding=&#8221;|||&#8221; global_colors_info=&#8221;{}&#8221; custom_padding__hover=&#8221;|||&#8221;][et_pb_image src=&#8221;https:\/\/piscaderabayresort.com\/wp-content\/uploads\/sites\/51\/2024\/05\/WhatsApp-Image-2024-05-24-at-09.43.25.jpeg&#8221; alt=&#8221;Last minute 25%&#8221; title_text=&#8221;Last minute 25%&#8221; src_tablet=&#8221;&#8221; src_phone=&#8221;&#8221; src_last_edited=&#8221;on|phone&#8221; _builder_version=&#8221;4.27.4&#8243; _module_preset=&#8221;default&#8221; custom_margin=&#8221;||||false|false&#8221; global_colors_info=&#8221;{}&#8221;][\/et_pb_image][\/et_pb_column][et_pb_column type=&#8221;2_3&#8243; _builder_version=&#8221;4.16&#8243; custom_padding=&#8221;|||&#8221; global_colors_info=&#8221;{}&#8221; custom_padding__hover=&#8221;|||&#8221;][et_pb_text _builder_version=&#8221;4.27.4&#8243; _module_preset=&#8221;default&#8221; text_text_color=&#8221;#FFFFFF&#8221; text_font_size=&#8221;21px&#8221; header_3_text_color=&#8221;#FFFFFF&#8221; global_colors_info=&#8221;{}&#8221;]<\/p>\n<h2>Last Minute Rabatt von 25%<\/h2>\n<p>Erhalten Sie jetzt 25 % Rabatt auf alle Buchungen mit Anreise innerhalb von 14 Tagen! Buchen Sie mindestens 5 tage und erleben Sie ultimative Entspannung!!<\/p>\n<p>Rabattcode: LM25<\/p>\n<blockquote class=\"wp-embedded-content\" data-secret=\"FPdVgX00y6\"><p><a href=\"https:\/\/piscaderabayresort.com\/de\/\">Home<\/a><\/p><\/blockquote>\n<p><iframe loading=\"lazy\" class=\"wp-embedded-content\" sandbox=\"allow-scripts\" security=\"restricted\" style=\"position: absolute; visibility: hidden;\" title=\"&#8220;Home&#8221; &#8212; Piscadera Bay Resort Cura\u00e7ao\" src=\"https:\/\/piscaderabayresort.com\/de\/embed\/#?secret=DKByrgGcaF#?secret=FPdVgX00y6\" data-secret=\"FPdVgX00y6\" width=\"600\" height=\"338\" frameborder=\"0\" marginwidth=\"0\" marginheight=\"0\" scrolling=\"no\"><\/iframe><\/p>\n<p>[\/et_pb_text][\/et_pb_column][\/et_pb_row][et_pb_row column_structure=&#8221;1_3,2_3&#8243; disabled_on=&#8221;on|on|on&#8221; _builder_version=&#8221;4.23.1&#8243; background_color=&#8221;gcid-9f1d5d5a-9843-4780-ab44-97843bcb54d9&#8243; background_enable_image=&#8221;off&#8221; background_repeat=&#8221;repeat&#8221; width=&#8221;100%&#8221; max_width=&#8221;1560px&#8221; module_alignment=&#8221;center&#8221; custom_margin=&#8221;0px|0px|30px|0px|false|false&#8221; custom_padding=&#8221;60px|60px|60px|60px|false|false&#8221; disabled=&#8221;on&#8221; locked=&#8221;off&#8221; global_colors_info=&#8221;{%22gcid-9f1d5d5a-9843-4780-ab44-97843bcb54d9%22:%91%22background_color%22%93}&#8221;][et_pb_column type=&#8221;1_3&#8243; _builder_version=&#8221;4.16&#8243; custom_padding=&#8221;|||&#8221; global_colors_info=&#8221;{}&#8221; custom_padding__hover=&#8221;|||&#8221;][et_pb_image src=&#8221;https:\/\/piscaderabayresort.com\/wp-content\/uploads\/sites\/51\/2023\/11\/klm-curacao-marathon.jpg&#8221; title_text=&#8221;klm-curacao-marathon&#8221; _builder_version=&#8221;4.27.4&#8243; _module_preset=&#8221;default&#8221; custom_margin=&#8221;||||false|false&#8221; global_colors_info=&#8221;{}&#8221;][\/et_pb_image][\/et_pb_column][et_pb_column type=&#8221;2_3&#8243; _builder_version=&#8221;4.16&#8243; custom_padding=&#8221;|||&#8221; global_colors_info=&#8221;{}&#8221; custom_padding__hover=&#8221;|||&#8221;][et_pb_text _builder_version=&#8221;4.23.1&#8243; _module_preset=&#8221;default&#8221; text_text_color=&#8221;#FFFFFF&#8221; text_font_size=&#8221;21px&#8221; header_3_text_color=&#8221;#FFFFFF&#8221; global_colors_info=&#8221;{}&#8221;]<\/p>\n<h2>KLM marathon special<\/h2>\n<p>tekst<\/p>\n<p>Coupon code: KLM<br \/>\n[\/et_pb_text][\/et_pb_column][\/et_pb_row][et_pb_row column_structure=&#8221;1_3,2_3&#8243; disabled_on=&#8221;on|on|on&#8221; _builder_version=&#8221;4.16&#8243; background_color=&#8221;#20bc7e&#8221; background_enable_image=&#8221;off&#8221; background_repeat=&#8221;repeat&#8221; width=&#8221;100%&#8221; max_width=&#8221;1560px&#8221; module_alignment=&#8221;center&#8221; custom_margin=&#8221;0px|0px|30px|0px|false|false&#8221; custom_padding=&#8221;60px|60px|60px|60px|false|false&#8221; disabled=&#8221;on&#8221; global_colors_info=&#8221;{}&#8221;][et_pb_column type=&#8221;1_3&#8243; _builder_version=&#8221;4.16&#8243; custom_padding=&#8221;|||&#8221; global_colors_info=&#8221;{}&#8221; custom_padding__hover=&#8221;|||&#8221;][et_pb_image src=&#8221;https:\/\/piscaderabayresort.com\/wp-content\/uploads\/sites\/51\/2026\/02\/promo-18.jpeg&#8221; alt=&#8221;B18 last minute&#8221; title_text=&#8221;promo 18&#8243; _builder_version=&#8221;4.27.4&#8243; _module_preset=&#8221;default&#8221; custom_margin=&#8221;||||false|false&#8221; global_colors_info=&#8221;{}&#8221;][\/et_pb_image][\/et_pb_column][et_pb_column type=&#8221;2_3&#8243; _builder_version=&#8221;4.16&#8243; custom_padding=&#8221;|||&#8221; global_colors_info=&#8221;{}&#8221; custom_padding__hover=&#8221;|||&#8221;][et_pb_text _builder_version=&#8221;4.27.4&#8243; _module_preset=&#8221;default&#8221; text_text_color=&#8221;#FFFFFF&#8221; text_font_size=&#8221;21px&#8221; header_3_text_color=&#8221;#FFFFFF&#8221; global_colors_info=&#8221;{}&#8221;]<\/p>\n<p>25 % Rabatt auf Bungalow 18 6.\u201323. M\u00e4rz<\/p>\n<p>\u00dcbernachten Sie im Bungalow 18 und profitieren Sie von 25 % Rabatt bei Anreisen zwischen dem 6. und 23. M\u00e4rz.<\/p>\n<p>Bungalow 18 bietet Platz f\u00fcr bis zu 6 Personen und \u00fcberzeugt mit Meerblick, einem privaten Pool und beeindruckenden Sonnenunterg\u00e4ngen direkt vom Pool aus. Die ideale Unterkunft f\u00fcr alle, die Ruhe, Komfort und echtes Urlaubsgef\u00fchl auf Cura\u00e7ao suchen.<\/p>\n<p>Verwenden Sie bei der Buchung den Gutscheincode: 18LM25 und erhalten Sie 25 % Rabatt auf Ihren Aufenthalt.<\/p>\n<p>\u26a0\ufe0f Dieses Angebot ist zeitlich begrenzt und gilt ausschlie\u00dflich f\u00fcr Bungalow 18.<\/p>\n<p>Jetzt buchen und dieses exklusive Last-Minute-Angebot sichern.<\/p>\n<p>[\/et_pb_text][\/et_pb_column][\/et_pb_row][\/et_pb_section]<\/p>\n","protected":false},"excerpt":{"rendered":"<p>Angebot Im Moment haben wir folgende Angebote:Last Minute Rabatt von 25% Erhalten Sie jetzt 25 % Rabatt auf alle Buchungen mit Anreise innerhalb von 14 Tagen! Buchen Sie mindestens 5 tage und erleben Sie ultimative Entspannung!! Rabattcode: LM25 https:\/\/piscaderabayresort.com\/de\/KLM marathon special tekst Coupon code: KLM 25 % Rabatt auf Bungalow 18 6.\u201323. M\u00e4rz \u00dcbernachten Sie [&hellip;]<\/p>\n","protected":false},"author":6,"featured_media":0,"parent":0,"menu_order":0,"comment_status":"closed","ping_status":"closed","template":"","meta":{"_et_pb_use_builder":"on","_et_pb_old_content":"<p>[et_pb_section fb_built=\"1\" _builder_version=\"4.16\" _module_preset=\"default\" custom_margin=\"||0px||false|false\" custom_padding=\"||0px||false|false\" global_colors_info=\"{}\"][et_pb_row _builder_version=\"4.16\" _module_preset=\"default\" global_colors_info=\"{}\"][et_pb_column type=\"4_4\" _builder_version=\"4.16\" _module_preset=\"default\" global_colors_info=\"{}\"][et_pb_text _builder_version=\"4.23.1\" _module_preset=\"default\" hover_enabled=\"0\" global_colors_info=\"{}\" sticky_enabled=\"0\"]<\/p><h1>Specials<\/h1><p>At this moment we have the following specials:<\/p><p>[\/et_pb_text][\/et_pb_column][\/et_pb_row][\/et_pb_section][et_pb_section fb_built=\"1\" admin_label=\"aanbieding\" _builder_version=\"4.23.1\" use_background_color_gradient=\"on\" background_color_gradient_direction=\"81deg\" background_color_gradient_stops=\"rgba(255,255,255,0.8) 0%|rgba(41,196,169,0) 100%\" background_color_gradient_overlays_image=\"on\" background_color_gradient_start=\"rgba(255,255,255,0.8)\" background_color_gradient_end=\"rgba(41,196,169,0)\" custom_margin=\"60px|0px|30px|0px|false|false\" custom_padding=\"0px|0px|0px|0px|false|false\" top_divider_color=\"#FFFFFF\" top_divider_arrangement=\"above_content\" bottom_divider_style=\"ramp2\" bottom_divider_color=\"#FFFFFF\" bottom_divider_flip=\"horizontal\" bottom_divider_arrangement=\"above_content\" border_color_all=\"#7CDA24\" locked=\"off\" collapsed=\"off\" global_colors_info=\"{}\"][et_pb_row column_structure=\"1_3,2_3\" _builder_version=\"4.23.1\" background_color=\"#20bc7e\" background_enable_image=\"off\" background_repeat=\"repeat\" width=\"100%\" max_width=\"1560px\" module_alignment=\"center\" custom_margin=\"0px|0px|30px|0px|false|false\" custom_padding=\"60px|60px|60px|60px|false|false\" global_colors_info=\"{}\"][et_pb_column type=\"1_3\" _builder_version=\"4.16\" custom_padding=\"|||\" global_colors_info=\"{}\" custom_padding__hover=\"|||\"][et_pb_image src=\"https:\/\/piscaderabayresort.com\/wp-content\/uploads\/sites\/51\/2023\/11\/time-is-money-3290871_640.jpg\" title_text=\"time-is-money-3290871_640\" _builder_version=\"4.23.1\" _module_preset=\"default\" custom_margin=\"||||false|false\" global_colors_info=\"{}\"][\/et_pb_image][\/et_pb_column][et_pb_column type=\"2_3\" _builder_version=\"4.16\" custom_padding=\"|||\" global_colors_info=\"{}\" custom_padding__hover=\"|||\"][et_pb_text _builder_version=\"4.23.1\" _module_preset=\"default\" text_text_color=\"#FFFFFF\" text_font_size=\"21px\" header_3_text_color=\"#FFFFFF\" global_colors_info=\"{}\"]<\/p><h2>Last minute korting van 20%<\/h2><p>Voor iedereen die binnen nu en 10 dagen komt.<\/p><p>Coupon code: LM20<br \/>[\/et_pb_text][\/et_pb_column][\/et_pb_row][et_pb_row column_structure=\"1_3,2_3\" _builder_version=\"4.23.1\" background_color=\"gcid-9f1d5d5a-9843-4780-ab44-97843bcb54d9\" background_enable_image=\"off\" background_repeat=\"repeat\" width=\"100%\" max_width=\"1560px\" module_alignment=\"center\" custom_margin=\"0px|0px|30px|0px|false|false\" custom_padding=\"60px|60px|60px|60px|false|false\" global_colors_info=\"{%22gcid-9f1d5d5a-9843-4780-ab44-97843bcb54d9%22:%91%22background_color%22%93}\"][et_pb_column type=\"1_3\" _builder_version=\"4.16\" custom_padding=\"|||\" global_colors_info=\"{}\" custom_padding__hover=\"|||\"][et_pb_image src=\"https:\/\/piscaderabayresort.com\/wp-content\/uploads\/sites\/51\/2023\/11\/klm-curacao-marathon.jpg\" title_text=\"klm-curacao-marathon\" _builder_version=\"4.23.1\" _module_preset=\"default\" custom_margin=\"||||false|false\" global_colors_info=\"{}\"][\/et_pb_image][\/et_pb_column][et_pb_column type=\"2_3\" _builder_version=\"4.16\" custom_padding=\"|||\" global_colors_info=\"{}\" custom_padding__hover=\"|||\"][et_pb_text _builder_version=\"4.23.1\" _module_preset=\"default\" text_text_color=\"#FFFFFF\" text_font_size=\"21px\" header_3_text_color=\"#FFFFFF\" global_colors_info=\"{}\"]<\/p><h2>KLM marathon special<\/h2><p>tekst<\/p><p>Coupon code: KLM<br \/>[\/et_pb_text][\/et_pb_column][\/et_pb_row][et_pb_row column_structure=\"1_3,2_3\" _builder_version=\"4.16\" background_color=\"#20bc7e\" background_enable_image=\"off\" background_repeat=\"repeat\" width=\"100%\" max_width=\"1560px\" module_alignment=\"center\" custom_margin=\"0px|0px|30px|0px|false|false\" custom_padding=\"60px|60px|60px|60px|false|false\" global_colors_info=\"{}\"][et_pb_column type=\"1_3\" _builder_version=\"4.16\" custom_padding=\"|||\" global_colors_info=\"{}\" custom_padding__hover=\"|||\"][et_pb_image src=\"https:\/\/piscaderabayresort.com\/wp-content\/uploads\/sites\/51\/2023\/01\/B74-17-1-scaled.jpg\" title_text=\"B74 (17)\" _builder_version=\"4.23.1\" _module_preset=\"default\" custom_margin=\"||||false|false\" global_colors_info=\"{}\"][\/et_pb_image][\/et_pb_column][et_pb_column type=\"2_3\" _builder_version=\"4.16\" custom_padding=\"|||\" global_colors_info=\"{}\" custom_padding__hover=\"|||\"][et_pb_text _builder_version=\"4.23.1\" _module_preset=\"default\" text_text_color=\"#FFFFFF\" text_font_size=\"21px\" header_3_text_color=\"#FFFFFF\" global_colors_info=\"{}\"]<\/p><h2>Bungalow 74<\/h2><p>tekst<\/p><p>Coupon code: 74<br \/>[\/et_pb_text][\/et_pb_column][\/et_pb_row][\/et_pb_section]<\/p>","_et_gb_content_width":"","_vp_format_video_url":"","_vp_image_focal_point":[],"footnotes":""},"class_list":["post-19165","page","type-page","status-publish","hentry"],"_links":{"self":[{"href":"https:\/\/piscaderabayresort.com\/de\/wp-json\/wp\/v2\/pages\/19165","targetHints":{"allow":["GET"]}}],"collection":[{"href":"https:\/\/piscaderabayresort.com\/de\/wp-json\/wp\/v2\/pages"}],"about":[{"href":"https:\/\/piscaderabayresort.com\/de\/wp-json\/wp\/v2\/types\/page"}],"author":[{"embeddable":true,"href":"https:\/\/piscaderabayresort.com\/de\/wp-json\/wp\/v2\/users\/6"}],"replies":[{"embeddable":true,"href":"https:\/\/piscaderabayresort.com\/de\/wp-json\/wp\/v2\/comments?post=19165"}],"version-history":[{"count":0,"href":"https:\/\/piscaderabayresort.com\/de\/wp-json\/wp\/v2\/pages\/19165\/revisions"}],"wp:attachment":[{"href":"https:\/\/piscaderabayresort.com\/de\/wp-json\/wp\/v2\/media?parent=19165"}],"curies":[{"name":"wp","href":"https:\/\/api.w.org\/{rel}","templated":true}]}}